{"id":11,"date":"2021-11-25T15:37:19","date_gmt":"2021-11-25T15:37:19","guid":{"rendered":"https:\/\/kits.themecy.com\/learn\/?page_id=10"},"modified":"2024-11-17T03:06:32","modified_gmt":"2024-11-17T02:06:32","slug":"about","status":"publish","type":"page","link":"https:\/\/ags-bf.com\/index.php\/about\/","title":{"rendered":"Notre Entreprise"},"content":{"rendered":"\t\t<div data-elementor-type=\"wp-page\" data-elementor-id=\"11\" class=\"elementor elementor-11\">\n\t\t\t\t<div class=\"elementor-element elementor-element-927f408 e-flex e-con-boxed e-con e-parent\" data-id=\"927f408\" data-element_type=\"container\">\n\t\t\t\t\t<div class=\"e-con-inner\">\n\t\t\t\t<div class=\"elementor-element elementor-element-626380c elementor-widget elementor-widget-text-editor\" data-id=\"626380c\" data-element_type=\"widget\" data-widget_type=\"text-editor.default\">\n\t\t\t\t<div class=\"elementor-widget-container\">\n\t\t\t\t\t\t\t<p>Fond\u00e9e en 2021, Africa Green Support (<strong>AGS<\/strong>) se sp\u00e9cialise dans la fourniture de solutions compl\u00e8tes, de l\u2019ing\u00e9nierie \u00e0 la maintenance op\u00e9rationnelle, dans les secteurs des radiocommunications, des t\u00e9l\u00e9communications et de l\u2019informatique. Notre expertise s\u2019\u00e9tend \u00e0 une vari\u00e9t\u00e9 de secteurs : industries, collectivit\u00e9s, services d\u2019urgence, grande distribution, etc.<\/p><p>C&rsquo;est ainsi qu&rsquo;elle offre depuis 2021 des solutions compl\u00e8tes allant de l\u2019ing\u00e9nierie \u00e0 la maintenance op\u00e9rationnelle dans les domaines des radiocommunications et des t\u00e9l\u00e9communications. Elle adresse ses services aux utilisateurs de communications commerciales et de s\u00e9curit\u00e9 publique.<\/p><p>Son expertise r\u00e9pond \u00e9galement aux besoins des entreprises de toutes tailles, en proposant des services d\u2019architecture, construction et maintenance de syst\u00e8mes d\u2019information, permettant aux soci\u00e9t\u00e9s de se concentrer sur leurs activit\u00e9s principales. Expert en int\u00e9gration d\u2019infrastructures syst\u00e8me et r\u00e9seau, <strong>AGS<\/strong> s\u2019adapte aux attentes de chaque client pour b\u00e2tir des syst\u00e8mes performants et fonctionnels.<\/p><p>Ses comp\u00e9tences couvrent l\u2019\u00e9tude, la conception, le d\u00e9veloppement, l\u2019int\u00e9gration, la formation, et la maintenance de solutions de communication et de syst\u00e8mes d\u2019information.<\/p><p>Ses points forts sont entre autre la polyvalence, l&rsquo;expertise, la communication, la disponibilit\u00e9, la rigeur et le professionnialisme.<\/p>\t\t\t\t\t\t<\/div>\n\t\t\t\t<\/div>\n\t\t\t\t\t<\/div>\n\t\t\t\t<\/div>\n\t\t\t\t<section class=\"elementor-section elementor-top-section elementor-element elementor-element-42cb892 elementor-section-boxed elementor-section-height-default elementor-section-height-default\" data-id=\"42cb892\" data-element_type=\"section\">\n\t\t\t\t\t\t<div class=\"elementor-container elementor-column-gap-default\">\n\t\t\t\t\t<div class=\"elementor-column elementor-col-100 elementor-top-column elementor-element elementor-element-04415b4\" data-id=\"04415b4\" data-element_type=\"column\">\n\t\t\t<div class=\"elementor-widget-wrap elementor-element-populated\">\n\t\t\t\t\t\t<div class=\"elementor-element elementor-element-856b1d8 elementor-widget elementor-widget-heading\" data-id=\"856b1d8\" data-element_type=\"widget\" data-widget_type=\"heading.default\">\n\t\t\t\t<div class=\"elementor-widget-container\">\n\t\t\t<h5 class=\"elementor-heading-title elementor-size-default\">Vous voulez en savoir plus sur nous<\/h5>\t\t<\/div>\n\t\t\t\t<\/div>\n\t\t\t\t<div class=\"elementor-element elementor-element-f451f0e elementor-widget elementor-widget-heading\" data-id=\"f451f0e\" data-element_type=\"widget\" data-widget_type=\"heading.default\">\n\t\t\t\t<div class=\"elementor-widget-container\">\n\t\t\t<h2 class=\"elementor-heading-title elementor-size-default\">Contactez nous<\/h2>\t\t<\/div>\n\t\t\t\t<\/div>\n\t\t\t\t<div class=\"elementor-element elementor-element-2ab282b elementor-widget elementor-widget-text-editor\" data-id=\"2ab282b\" data-element_type=\"widget\" data-widget_type=\"text-editor.default\">\n\t\t\t\t<div class=\"elementor-widget-container\">\n\t\t\t\t\t\t\t<p>Notre \u00e9quipe dynamique sera ravi de r\u00e9pondre \u00e0 vos \u00e9ventuelles questions.<\/p>\t\t\t\t\t\t<\/div>\n\t\t\t\t<\/div>\n\t\t\t\t<div class=\"elementor-element elementor-element-498de52 elementor-align-center elementor-tablet-align-center elementor-mobile-align-justify elementor-widget elementor-widget-button\" data-id=\"498de52\" data-element_type=\"widget\" data-widget_type=\"button.default\">\n\t\t\t\t<div class=\"elementor-widget-container\">\n\t\t\t\t\t<div class=\"elementor-button-wrapper\">\n\t\t\t<a class=\"elementor-button elementor-button-link elementor-size-sm elementor-animation-float\" href=\"http:\/\/localhost\/wordpress\/index.php\/contact-2\/\">\n\t\t\t\t\t\t<span class=\"elementor-button-content-wrapper\">\n\t\t\t\t\t\t\t\t\t<span class=\"elementor-button-text\">Nous contacter<\/span>\n\t\t\t\t\t<\/span>\n\t\t\t\t\t<\/a>\n\t\t<\/div>\n\t\t\t\t<\/div>\n\t\t\t\t<\/div>\n\t\t\t\t\t<\/div>\n\t\t<\/div>\n\t\t\t\t\t<\/div>\n\t\t<\/section>\n\t\t\t\t<\/div>\n\t\t","protected":false},"excerpt":{"rendered":"<p>Fond\u00e9e en 2021, Africa Green Support (AGS) se sp\u00e9cialise dans la fourniture de solutions compl\u00e8tes, de l\u2019ing\u00e9nierie \u00e0 la maintenance op\u00e9rationnelle, dans les secteurs des radiocommunications, des t\u00e9l\u00e9communications et de l\u2019informatique. Notre expertise s\u2019\u00e9tend \u00e0 une vari\u00e9t\u00e9 de secteurs : industries, collectivit\u00e9s, services d\u2019urgence, grande distribution, etc. C&rsquo;est ainsi qu&rsquo;elle offre depuis 2021 des solutions&#8230;<\/p>\n","protected":false},"author":1,"featured_media":956,"parent":0,"menu_order":0,"comment_status":"closed","ping_status":"closed","template":"","meta":{"_kadence_starter_templates_imported_post":true,"_kad_post_transparent":"","_kad_post_title":"hide","_kad_post_layout":"fullwidth","_kad_post_sidebar_id":"","_kad_post_content_style":"unboxed","_kad_post_vertical_padding":"hide","_kad_post_feature":"hide","_kad_post_feature_position":"","_kad_post_header":false,"_kad_post_footer":false,"footnotes":""},"class_list":["post-11","page","type-page","status-publish","has-post-thumbnail","hentry"],"_links":{"self":[{"href":"https:\/\/ags-bf.com\/index.php\/wp-json\/wp\/v2\/pages\/11","targetHints":{"allow":["GET"]}}],"collection":[{"href":"https:\/\/ags-bf.com\/index.php\/wp-json\/wp\/v2\/pages"}],"about":[{"href":"https:\/\/ags-bf.com\/index.php\/wp-json\/wp\/v2\/types\/page"}],"author":[{"embeddable":true,"href":"https:\/\/ags-bf.com\/index.php\/wp-json\/wp\/v2\/users\/1"}],"replies":[{"embeddable":true,"href":"https:\/\/ags-bf.com\/index.php\/wp-json\/wp\/v2\/comments?post=11"}],"version-history":[{"count":26,"href":"https:\/\/ags-bf.com\/index.php\/wp-json\/wp\/v2\/pages\/11\/revisions"}],"predecessor-version":[{"id":2001,"href":"https:\/\/ags-bf.com\/index.php\/wp-json\/wp\/v2\/pages\/11\/revisions\/2001"}],"wp:featuredmedia":[{"embeddable":true,"href":"https:\/\/ags-bf.com\/index.php\/wp-json\/wp\/v2\/media\/956"}],"wp:attachment":[{"href":"https:\/\/ags-bf.com\/index.php\/wp-json\/wp\/v2\/media?parent=11"}],"curies":[{"name":"wp","href":"https:\/\/api.w.org\/{rel}","templated":true}]}}