{"id":1737,"date":"2024-10-31T22:15:35","date_gmt":"2024-10-31T21:15:35","guid":{"rendered":"https:\/\/ags-bf.com\/?page_id=1737"},"modified":"2024-11-16T23:15:21","modified_gmt":"2024-11-16T22:15:21","slug":"radiocommunication-2","status":"publish","type":"page","link":"https:\/\/ags-bf.com\/index.php\/radiocommunication-2\/","title":{"rendered":"Radiocommunication"},"content":{"rendered":"\t\t<div data-elementor-type=\"wp-page\" data-elementor-id=\"1737\" class=\"elementor elementor-1737\">\n\t\t\t\t<div class=\"elementor-element elementor-element-39dc92e e-flex e-con-boxed e-con e-parent\" data-id=\"39dc92e\" data-element_type=\"container\">\n\t\t\t\t\t<div class=\"e-con-inner\">\n\t\t\t\t<div class=\"elementor-element elementor-element-7216b75 elementor-widget elementor-widget-heading\" data-id=\"7216b75\" data-element_type=\"widget\" data-widget_type=\"heading.default\">\n\t\t\t\t<div class=\"elementor-widget-container\">\n\t\t\t<h2 class=\"elementor-heading-title elementor-size-default\">Radicommunicaion<\/h2>\t\t<\/div>\n\t\t\t\t<\/div>\n\t\t\t\t\t<\/div>\n\t\t\t\t<\/div>\n\t\t<div class=\"elementor-element elementor-element-1d86c13 e-flex e-con-boxed e-con e-parent\" data-id=\"1d86c13\" data-element_type=\"container\">\n\t\t\t\t\t<div class=\"e-con-inner\">\n\t\t<div class=\"elementor-element elementor-element-80e26f9 e-con-full e-flex e-con e-child\" data-id=\"80e26f9\" data-element_type=\"container\">\n\t\t\t\t<div class=\"elementor-element elementor-element-b2c5421 elementor-widget__width-initial elementor-widget-tablet__width-initial elementor-widget-mobile__width-initial elementor-widget elementor-widget-image\" data-id=\"b2c5421\" data-element_type=\"widget\" data-widget_type=\"image.default\">\n\t\t\t\t<div class=\"elementor-widget-container\">\n\t\t\t\t\t\t\t\t\t\t\t\t\t<img fetchpriority=\"high\" decoding=\"async\" width=\"297\" height=\"170\" src=\"https:\/\/ags-bf.com\/wp-content\/uploads\/2024\/10\/talkyBCP.jpeg\" class=\"attachment-large size-large wp-image-1647\" alt=\"\" \/>\t\t\t\t\t\t\t\t\t\t\t\t\t<\/div>\n\t\t\t\t<\/div>\n\t\t\t\t<\/div>\n\t\t<div class=\"elementor-element elementor-element-1922eb9 e-con-full e-flex e-con e-child\" data-id=\"1922eb9\" data-element_type=\"container\">\n\t\t\t\t<div class=\"elementor-element elementor-element-1d915de elementor-widget elementor-widget-text-editor\" data-id=\"1d915de\" data-element_type=\"widget\" data-widget_type=\"text-editor.default\">\n\t\t\t\t<div class=\"elementor-widget-container\">\n\t\t\t\t\t\t\t<p>Nous mettons \u00e0 votre disposition notre expertise en radiocommunication avec une gamme compl\u00e8te d\u2019\u00e9quipements adapt\u00e9s \u00e0 chaque usage : VHF\/UHF analogique et num\u00e9rique, VHF pour l\u2019aviation, et HF\/BLU pour les environnements professionnels et tactiques. Que vous ayez besoin de solutions de communication longue port\u00e9e pour le transport, les travaux ou des \u00e9v\u00e9nements, notre \u00e9quipe vous accompagne de la planification \u00e0 l\u2019installation. Nous offrons \u00e9galement un suivi rigoureux et des options de location pour une flexibilit\u00e9 optimale dans vos projets.<\/p>\t\t\t\t\t\t<\/div>\n\t\t\t\t<\/div>\n\t\t\t\t<\/div>\n\t\t\t\t\t<\/div>\n\t\t\t\t<\/div>\n\t\t<div class=\"elementor-element elementor-element-b644a34 e-flex e-con-boxed e-con e-parent\" data-id=\"b644a34\" data-element_type=\"container\">\n\t\t\t\t\t<div class=\"e-con-inner\">\n\t\t\t\t<div class=\"elementor-element elementor-element-0f20ab8 elementor-widget__width-initial elementor-widget elementor-widget-image\" data-id=\"0f20ab8\" data-element_type=\"widget\" data-widget_type=\"image.default\">\n\t\t\t\t<div class=\"elementor-widget-container\">\n\t\t\t\t\t\t\t\t\t\t\t\t\t<img decoding=\"async\" width=\"550\" height=\"550\" src=\"https:\/\/ags-bf.com\/wp-content\/uploads\/2024\/11\/motorolaTW.jpg\" class=\"attachment-large size-large wp-image-1982\" alt=\"\" srcset=\"https:\/\/ags-bf.com\/wp-content\/uploads\/2024\/11\/motorolaTW.jpg 550w, https:\/\/ags-bf.com\/wp-content\/uploads\/2024\/11\/motorolaTW-300x300.jpg 300w, https:\/\/ags-bf.com\/wp-content\/uploads\/2024\/11\/motorolaTW-150x150.jpg 150w\" sizes=\"(max-width: 550px) 100vw, 550px\" \/>\t\t\t\t\t\t\t\t\t\t\t\t\t<\/div>\n\t\t\t\t<\/div>\n\t\t\t\t<div class=\"elementor-element elementor-element-1710f32 elementor-widget__width-initial elementor-widget-tablet__width-initial elementor-widget-mobile__width-initial elementor-widget elementor-widget-image\" data-id=\"1710f32\" data-element_type=\"widget\" data-widget_type=\"image.default\">\n\t\t\t\t<div class=\"elementor-widget-container\">\n\t\t\t\t\t\t\t\t\t\t\t\t\t<img decoding=\"async\" width=\"600\" height=\"600\" src=\"https:\/\/ags-bf.com\/wp-content\/uploads\/2024\/11\/tW1.jpeg\" class=\"attachment-large size-large wp-image-1980\" alt=\"\" srcset=\"https:\/\/ags-bf.com\/wp-content\/uploads\/2024\/11\/tW1.jpeg 600w, https:\/\/ags-bf.com\/wp-content\/uploads\/2024\/11\/tW1-300x300.jpeg 300w, https:\/\/ags-bf.com\/wp-content\/uploads\/2024\/11\/tW1-150x150.jpeg 150w\" sizes=\"(max-width: 600px) 100vw, 600px\" \/>\t\t\t\t\t\t\t\t\t\t\t\t\t<\/div>\n\t\t\t\t<\/div>\n\t\t\t\t<div class=\"elementor-element elementor-element-5abe231 elementor-widget__width-initial elementor-widget-tablet__width-initial elementor-widget-mobile__width-initial elementor-widget elementor-widget-image\" data-id=\"5abe231\" data-element_type=\"widget\" data-widget_type=\"image.default\">\n\t\t\t\t<div class=\"elementor-widget-container\">\n\t\t\t\t\t\t\t\t\t\t\t\t\t<img loading=\"lazy\" decoding=\"async\" width=\"865\" height=\"620\" src=\"https:\/\/ags-bf.com\/wp-content\/uploads\/2024\/11\/wave-ptx-mash-up-home.webp\" class=\"attachment-large size-large wp-image-1979\" alt=\"\" srcset=\"https:\/\/ags-bf.com\/wp-content\/uploads\/2024\/11\/wave-ptx-mash-up-home.webp 865w, https:\/\/ags-bf.com\/wp-content\/uploads\/2024\/11\/wave-ptx-mash-up-home-300x215.webp 300w, https:\/\/ags-bf.com\/wp-content\/uploads\/2024\/11\/wave-ptx-mash-up-home-768x550.webp 768w\" sizes=\"(max-width: 865px) 100vw, 865px\" \/>\t\t\t\t\t\t\t\t\t\t\t\t\t<\/div>\n\t\t\t\t<\/div>\n\t\t\t\t<div class=\"elementor-element elementor-element-d4a56a2 elementor-widget__width-initial elementor-widget-tablet__width-initial elementor-widget elementor-widget-image\" data-id=\"d4a56a2\" data-element_type=\"widget\" data-widget_type=\"image.default\">\n\t\t\t\t<div class=\"elementor-widget-container\">\n\t\t\t\t\t\t\t\t\t\t\t\t\t<img loading=\"lazy\" decoding=\"async\" width=\"512\" height=\"399\" src=\"https:\/\/ags-bf.com\/wp-content\/uploads\/2024\/11\/Radiocommunication.jpg\" class=\"attachment-large size-large wp-image-1981\" alt=\"\" srcset=\"https:\/\/ags-bf.com\/wp-content\/uploads\/2024\/11\/Radiocommunication.jpg 512w, https:\/\/ags-bf.com\/wp-content\/uploads\/2024\/11\/Radiocommunication-300x234.jpg 300w\" sizes=\"(max-width: 512px) 100vw, 512px\" \/>\t\t\t\t\t\t\t\t\t\t\t\t\t<\/div>\n\t\t\t\t<\/div>\n\t\t\t\t\t<\/div>\n\t\t\t\t<\/div>\n\t\t\t\t<\/div>\n\t\t","protected":false},"excerpt":{"rendered":"<p>Radicommunicaion Nous mettons \u00e0 votre disposition notre expertise en radiocommunication avec une gamme compl\u00e8te d\u2019\u00e9quipements adapt\u00e9s \u00e0 chaque usage : VHF\/UHF analogique et num\u00e9rique, VHF pour l\u2019aviation, et HF\/BLU pour les environnements professionnels et tactiques. Que vous ayez besoin de solutions de communication longue port\u00e9e pour le transport, les travaux ou des \u00e9v\u00e9nements, notre \u00e9quipe&#8230;<\/p>\n","protected":false},"author":1,"featured_media":0,"parent":0,"menu_order":0,"comment_status":"closed","ping_status":"closed","template":"","meta":{"_kadence_starter_templates_imported_post":false,"_kad_post_transparent":"","_kad_post_title":"hide","_kad_post_layout":"fullwidth","_kad_post_sidebar_id":"","_kad_post_content_style":"unboxed","_kad_post_vertical_padding":"hide","_kad_post_feature":"hide","_kad_post_feature_position":"","_kad_post_header":false,"_kad_post_footer":false,"footnotes":""},"class_list":["post-1737","page","type-page","status-publish","hentry"],"_links":{"self":[{"href":"https:\/\/ags-bf.com\/index.php\/wp-json\/wp\/v2\/pages\/1737","targetHints":{"allow":["GET"]}}],"collection":[{"href":"https:\/\/ags-bf.com\/index.php\/wp-json\/wp\/v2\/pages"}],"about":[{"href":"https:\/\/ags-bf.com\/index.php\/wp-json\/wp\/v2\/types\/page"}],"author":[{"embeddable":true,"href":"https:\/\/ags-bf.com\/index.php\/wp-json\/wp\/v2\/users\/1"}],"replies":[{"embeddable":true,"href":"https:\/\/ags-bf.com\/index.php\/wp-json\/wp\/v2\/comments?post=1737"}],"version-history":[{"count":22,"href":"https:\/\/ags-bf.com\/index.php\/wp-json\/wp\/v2\/pages\/1737\/revisions"}],"predecessor-version":[{"id":1985,"href":"https:\/\/ags-bf.com\/index.php\/wp-json\/wp\/v2\/pages\/1737\/revisions\/1985"}],"wp:attachment":[{"href":"https:\/\/ags-bf.com\/index.php\/wp-json\/wp\/v2\/media?parent=1737"}],"curies":[{"name":"wp","href":"https:\/\/api.w.org\/{rel}","templated":true}]}}