{"id":1855,"date":"2024-11-14T13:32:44","date_gmt":"2024-11-14T12:32:44","guid":{"rendered":"https:\/\/ags-bf.com\/?page_id=1855"},"modified":"2024-11-16T23:15:45","modified_gmt":"2024-11-16T22:15:45","slug":"elementor-1855","status":"publish","type":"page","link":"https:\/\/ags-bf.com\/index.php\/elementor-1855\/","title":{"rendered":"T\u00e9l\u00e9communication"},"content":{"rendered":"\t\t<div data-elementor-type=\"wp-page\" data-elementor-id=\"1855\" class=\"elementor elementor-1855\">\n\t\t\t\t<div class=\"elementor-element elementor-element-1935b1b e-flex e-con-boxed e-con e-parent\" data-id=\"1935b1b\" data-element_type=\"container\">\n\t\t\t\t\t<div class=\"e-con-inner\">\n\t\t\t\t<div class=\"elementor-element elementor-element-0007929 elementor-widget elementor-widget-heading\" data-id=\"0007929\" data-element_type=\"widget\" data-widget_type=\"heading.default\">\n\t\t\t\t<div class=\"elementor-widget-container\">\n\t\t\t<h2 class=\"elementor-heading-title elementor-size-default\">T\u00e9l\u00e9communication<\/h2>\t\t<\/div>\n\t\t\t\t<\/div>\n\t\t<div class=\"elementor-element elementor-element-fb025e4 e-con-full e-flex e-con e-child\" data-id=\"fb025e4\" data-element_type=\"container\">\n\t\t\t\t<div class=\"elementor-element elementor-element-8241e0f elementor-widget__width-initial elementor-widget-tablet__width-initial elementor-widget-mobile__width-initial elementor-widget elementor-widget-image\" data-id=\"8241e0f\" data-element_type=\"widget\" data-widget_type=\"image.default\">\n\t\t\t\t<div class=\"elementor-widget-container\">\n\t\t\t\t\t\t\t\t\t\t\t\t\t<img fetchpriority=\"high\" decoding=\"async\" width=\"600\" height=\"400\" src=\"https:\/\/ags-bf.com\/wp-content\/uploads\/2024\/11\/cable_reseau.webp\" class=\"attachment-large size-large wp-image-1976\" alt=\"\" srcset=\"https:\/\/ags-bf.com\/wp-content\/uploads\/2024\/11\/cable_reseau.webp 600w, https:\/\/ags-bf.com\/wp-content\/uploads\/2024\/11\/cable_reseau-300x200.webp 300w\" sizes=\"(max-width: 600px) 100vw, 600px\" \/>\t\t\t\t\t\t\t\t\t\t\t\t\t<\/div>\n\t\t\t\t<\/div>\n\t\t\t\t<div class=\"elementor-element elementor-element-5844bc3 elementor-widget elementor-widget-text-editor\" data-id=\"5844bc3\" data-element_type=\"widget\" data-widget_type=\"text-editor.default\">\n\t\t\t\t<div class=\"elementor-widget-container\">\n\t\t\t\t\t\t\t<p><strong>Solutions de connectivit\u00e9 avanc\u00e9e et technologies de communication<\/strong><\/p><p>Nous proposons des solutions compl\u00e8tes pour la connectivit\u00e9 et les communications de pointe : liaisons haut d\u00e9bit sans fil, t\u00e9l\u00e9phonie satellitaire, t\u00e9l\u00e9phonie IP, et vid\u00e9oconf\u00e9rence. Notre offre inclut \u00e9galement la fourniture de g\u00e9n\u00e9rateurs solaires, pyl\u00f4nes, antennes et services de broadcast pour la radio FM et la t\u00e9l\u00e9vision.<\/p>\t\t\t\t\t\t<\/div>\n\t\t\t\t<\/div>\n\t\t\t\t<\/div>\n\t\t\t\t\t<\/div>\n\t\t\t\t<\/div>\n\t\t<div class=\"elementor-element elementor-element-1bb018a e-flex e-con-boxed e-con e-parent\" data-id=\"1bb018a\" data-element_type=\"container\">\n\t\t\t\t\t<div class=\"e-con-inner\">\n\t\t<div class=\"elementor-element elementor-element-1127a92 e-con-full e-flex e-con e-child\" data-id=\"1127a92\" data-element_type=\"container\">\n\t\t\t\t<div class=\"elementor-element elementor-element-fa53809 elementor-widget__width-initial elementor-widget-mobile__width-initial elementor-widget elementor-widget-text-editor\" data-id=\"fa53809\" data-element_type=\"widget\" data-widget_type=\"text-editor.default\">\n\t\t\t\t<div class=\"elementor-widget-container\">\n\t\t\t\t\t\t\t<p><strong>S\u00e9curit\u00e9, localisation et services associ\u00e9s<\/strong><\/p><p>Pour une s\u00e9curit\u00e9 optimale, nous int\u00e9grons des solutions de surveillance et localisation GPS. Gr\u00e2ce \u00e0 notre atelier de maintenance, nous offrons \u00e9galement des services d&rsquo;audit, de formation et de maintenance, garantissant une infrastructure fiable et performante.<\/p>\t\t\t\t\t\t<\/div>\n\t\t\t\t<\/div>\n\t\t\t\t<div class=\"elementor-element elementor-element-235c626 elementor-hidden-mobile elementor-widget elementor-widget-image\" data-id=\"235c626\" data-element_type=\"widget\" data-widget_type=\"image.default\">\n\t\t\t\t<div class=\"elementor-widget-container\">\n\t\t\t\t\t\t\t\t\t\t\t\t\t<img decoding=\"async\" width=\"858\" height=\"632\" src=\"https:\/\/ags-bf.com\/wp-content\/uploads\/2024\/11\/protection_reseau.jpg\" class=\"attachment-large size-large wp-image-1978\" alt=\"\" srcset=\"https:\/\/ags-bf.com\/wp-content\/uploads\/2024\/11\/protection_reseau.jpg 858w, https:\/\/ags-bf.com\/wp-content\/uploads\/2024\/11\/protection_reseau-300x221.jpg 300w, https:\/\/ags-bf.com\/wp-content\/uploads\/2024\/11\/protection_reseau-768x566.jpg 768w\" sizes=\"(max-width: 858px) 100vw, 858px\" \/>\t\t\t\t\t\t\t\t\t\t\t\t\t<\/div>\n\t\t\t\t<\/div>\n\t\t\t\t<\/div>\n\t\t\t\t\t<\/div>\n\t\t\t\t<\/div>\n\t\t\t\t<\/div>\n\t\t","protected":false},"excerpt":{"rendered":"<p>T\u00e9l\u00e9communication Solutions de connectivit\u00e9 avanc\u00e9e et technologies de communication Nous proposons des solutions compl\u00e8tes pour la connectivit\u00e9 et les communications de pointe : liaisons haut d\u00e9bit sans fil, t\u00e9l\u00e9phonie satellitaire, t\u00e9l\u00e9phonie IP, et vid\u00e9oconf\u00e9rence. Notre offre inclut \u00e9galement la fourniture de g\u00e9n\u00e9rateurs solaires, pyl\u00f4nes, antennes et services de broadcast pour la radio FM et la&#8230;<\/p>\n","protected":false},"author":1,"featured_media":0,"parent":0,"menu_order":0,"comment_status":"closed","ping_status":"closed","template":"","meta":{"_kadence_starter_templates_imported_post":false,"_kad_post_transparent":"","_kad_post_title":"hide","_kad_post_layout":"fullwidth","_kad_post_sidebar_id":"","_kad_post_content_style":"unboxed","_kad_post_vertical_padding":"hide","_kad_post_feature":"hide","_kad_post_feature_position":"","_kad_post_header":false,"_kad_post_footer":false,"footnotes":""},"class_list":["post-1855","page","type-page","status-publish","hentry"],"_links":{"self":[{"href":"https:\/\/ags-bf.com\/index.php\/wp-json\/wp\/v2\/pages\/1855","targetHints":{"allow":["GET"]}}],"collection":[{"href":"https:\/\/ags-bf.com\/index.php\/wp-json\/wp\/v2\/pages"}],"about":[{"href":"https:\/\/ags-bf.com\/index.php\/wp-json\/wp\/v2\/types\/page"}],"author":[{"embeddable":true,"href":"https:\/\/ags-bf.com\/index.php\/wp-json\/wp\/v2\/users\/1"}],"replies":[{"embeddable":true,"href":"https:\/\/ags-bf.com\/index.php\/wp-json\/wp\/v2\/comments?post=1855"}],"version-history":[{"count":16,"href":"https:\/\/ags-bf.com\/index.php\/wp-json\/wp\/v2\/pages\/1855\/revisions"}],"predecessor-version":[{"id":1994,"href":"https:\/\/ags-bf.com\/index.php\/wp-json\/wp\/v2\/pages\/1855\/revisions\/1994"}],"wp:attachment":[{"href":"https:\/\/ags-bf.com\/index.php\/wp-json\/wp\/v2\/media?parent=1855"}],"curies":[{"name":"wp","href":"https:\/\/api.w.org\/{rel}","templated":true}]}}