{"id":875,"date":"2024-10-11T17:09:13","date_gmt":"2024-10-11T15:09:13","guid":{"rendered":"https:\/\/ags-bf.com\/?page_id=875"},"modified":"2024-11-16T23:15:37","modified_gmt":"2024-11-16T22:15:37","slug":"infrastructure","status":"publish","type":"page","link":"https:\/\/ags-bf.com\/index.php\/infrastructure\/","title":{"rendered":"Infrastructure"},"content":{"rendered":"\t\t<div data-elementor-type=\"wp-page\" data-elementor-id=\"875\" class=\"elementor elementor-875\">\n\t\t\t\t<div class=\"elementor-element elementor-element-7f15923 e-flex e-con-boxed e-con e-parent\" data-id=\"7f15923\" data-element_type=\"container\">\n\t\t\t\t\t<div class=\"e-con-inner\">\n\t\t\t\t<div class=\"elementor-element elementor-element-0fcb091 elementor-widget elementor-widget-heading\" data-id=\"0fcb091\" data-element_type=\"widget\" data-widget_type=\"heading.default\">\n\t\t\t\t<div class=\"elementor-widget-container\">\n\t\t\t<h2 class=\"elementor-heading-title elementor-size-default\">Infrastructure<\/h2>\t\t<\/div>\n\t\t\t\t<\/div>\n\t\t\t\t\t<\/div>\n\t\t\t\t<\/div>\n\t\t<div class=\"elementor-element elementor-element-7ecea7a e-flex e-con-boxed e-con e-parent\" data-id=\"7ecea7a\" data-element_type=\"container\">\n\t\t\t\t\t<div class=\"e-con-inner\">\n\t\t<div class=\"elementor-element elementor-element-d19b057 e-con-full e-flex e-con e-child\" data-id=\"d19b057\" data-element_type=\"container\">\n\t\t\t\t<div class=\"elementor-element elementor-element-0971b42 elementor-widget elementor-widget-image\" data-id=\"0971b42\" data-element_type=\"widget\" data-widget_type=\"image.default\">\n\t\t\t\t<div class=\"elementor-widget-container\">\n\t\t\t\t\t\t\t\t\t\t\t\t\t<img fetchpriority=\"high\" decoding=\"async\" width=\"1024\" height=\"683\" src=\"https:\/\/ags-bf.com\/wp-content\/uploads\/2024\/11\/switchConnexions-1024x683.jpg\" class=\"attachment-large size-large wp-image-1971\" alt=\"\" srcset=\"https:\/\/ags-bf.com\/wp-content\/uploads\/2024\/11\/switchConnexions-1024x683.jpg 1024w, https:\/\/ags-bf.com\/wp-content\/uploads\/2024\/11\/switchConnexions-300x200.jpg 300w, https:\/\/ags-bf.com\/wp-content\/uploads\/2024\/11\/switchConnexions-768x512.jpg 768w, https:\/\/ags-bf.com\/wp-content\/uploads\/2024\/11\/switchConnexions-1536x1024.jpg 1536w, https:\/\/ags-bf.com\/wp-content\/uploads\/2024\/11\/switchConnexions.jpg 1650w\" sizes=\"(max-width: 1024px) 100vw, 1024px\" \/>\t\t\t\t\t\t\t\t\t\t\t\t\t<\/div>\n\t\t\t\t<\/div>\n\t\t\t\t<div class=\"elementor-element elementor-element-623ab66 elementor-widget elementor-widget-image\" data-id=\"623ab66\" data-element_type=\"widget\" data-widget_type=\"image.default\">\n\t\t\t\t<div class=\"elementor-widget-container\">\n\t\t\t\t\t\t\t\t\t\t\t\t\t<img decoding=\"async\" width=\"626\" height=\"417\" src=\"https:\/\/ags-bf.com\/wp-content\/uploads\/2024\/11\/illustration-hebergement-cloud.avif\" class=\"attachment-large size-large wp-image-1972\" alt=\"\" \/>\t\t\t\t\t\t\t\t\t\t\t\t\t<\/div>\n\t\t\t\t<\/div>\n\t\t\t\t<\/div>\n\t\t\t\t<div class=\"elementor-element elementor-element-ec21850 elementor-widget elementor-widget-text-editor\" data-id=\"ec21850\" data-element_type=\"widget\" data-widget_type=\"text-editor.default\">\n\t\t\t\t<div class=\"elementor-widget-container\">\n\t\t\t\t\t\t\t<p><strong>Gestion et administration des syst\u00e8mes et r\u00e9seaux informatiques<\/strong><\/p><p>Nous proposons une gestion compl\u00e8te de vos syst\u00e8mes et r\u00e9seaux informatiques avec un suivi minutieux et une expertise d\u00e9di\u00e9e. Nos solutions incluent l&rsquo;administration de serveurs, p\u00e9riph\u00e9riques et messageries, ainsi que l&rsquo;interconnexion s\u00e9curis\u00e9e via VPN, r\u00e9seaux filaires et Wi-Fi. Nous assurons \u00e9galement la sauvegarde, la restauration et le stockage de vos donn\u00e9es, ainsi que l&rsquo;int\u00e9gration de technologies pour PME-PMI et syst\u00e8mes embarqu\u00e9s pour les industries et les mines.<\/p><p><strong>Surveillance et maintenance avanc\u00e9es<\/strong><\/p><p>Nos services couvrent la maintenance pr\u00e9ventive et curative, ainsi qu\u2019une solution de surveillance r\u00e9seau (SolarWinds) pour anticiper et r\u00e9soudre les probl\u00e8mes avant qu\u2019ils ne surviennent, garantissant un fonctionnement optimal de votre infrastructure. Confiez-nous la gestion de votre r\u00e9seau et concentrez-vous pleinement sur votre c\u0153ur de m\u00e9tier, en toute s\u00e9curit\u00e9 et s\u00e9r\u00e9nit\u00e9.<\/p>\t\t\t\t\t\t<\/div>\n\t\t\t\t<\/div>\n\t\t\t\t\t<\/div>\n\t\t\t\t<\/div>\n\t\t\t\t<\/div>\n\t\t","protected":false},"excerpt":{"rendered":"<p>Infrastructure Gestion et administration des syst\u00e8mes et r\u00e9seaux informatiques Nous proposons une gestion compl\u00e8te de vos syst\u00e8mes et r\u00e9seaux informatiques avec un suivi minutieux et une expertise d\u00e9di\u00e9e. Nos solutions incluent l&rsquo;administration de serveurs, p\u00e9riph\u00e9riques et messageries, ainsi que l&rsquo;interconnexion s\u00e9curis\u00e9e via VPN, r\u00e9seaux filaires et Wi-Fi. Nous assurons \u00e9galement la sauvegarde, la restauration et&#8230;<\/p>\n","protected":false},"author":1,"featured_media":0,"parent":0,"menu_order":0,"comment_status":"closed","ping_status":"closed","template":"","meta":{"_kadence_starter_templates_imported_post":false,"_kad_post_transparent":"","_kad_post_title":"hide","_kad_post_layout":"fullwidth","_kad_post_sidebar_id":"","_kad_post_content_style":"unboxed","_kad_post_vertical_padding":"hide","_kad_post_feature":"hide","_kad_post_feature_position":"","_kad_post_header":false,"_kad_post_footer":false,"footnotes":""},"class_list":["post-875","page","type-page","status-publish","hentry"],"_links":{"self":[{"href":"https:\/\/ags-bf.com\/index.php\/wp-json\/wp\/v2\/pages\/875","targetHints":{"allow":["GET"]}}],"collection":[{"href":"https:\/\/ags-bf.com\/index.php\/wp-json\/wp\/v2\/pages"}],"about":[{"href":"https:\/\/ags-bf.com\/index.php\/wp-json\/wp\/v2\/types\/page"}],"author":[{"embeddable":true,"href":"https:\/\/ags-bf.com\/index.php\/wp-json\/wp\/v2\/users\/1"}],"replies":[{"embeddable":true,"href":"https:\/\/ags-bf.com\/index.php\/wp-json\/wp\/v2\/comments?post=875"}],"version-history":[{"count":13,"href":"https:\/\/ags-bf.com\/index.php\/wp-json\/wp\/v2\/pages\/875\/revisions"}],"predecessor-version":[{"id":1991,"href":"https:\/\/ags-bf.com\/index.php\/wp-json\/wp\/v2\/pages\/875\/revisions\/1991"}],"wp:attachment":[{"href":"https:\/\/ags-bf.com\/index.php\/wp-json\/wp\/v2\/media?parent=875"}],"curies":[{"name":"wp","href":"https:\/\/api.w.org\/{rel}","templated":true}]}}