{"id":877,"date":"2024-10-11T17:09:32","date_gmt":"2024-10-11T15:09:32","guid":{"rendered":"https:\/\/ags-bf.com\/?page_id=877"},"modified":"2024-11-16T23:15:31","modified_gmt":"2024-11-16T22:15:31","slug":"informatique","status":"publish","type":"page","link":"https:\/\/ags-bf.com\/index.php\/informatique\/","title":{"rendered":"Informatique"},"content":{"rendered":"\t\t<div data-elementor-type=\"wp-page\" data-elementor-id=\"877\" class=\"elementor elementor-877\">\n\t\t\t\t<div class=\"elementor-element elementor-element-6bf7b82 e-flex e-con-boxed e-con e-parent\" data-id=\"6bf7b82\" data-element_type=\"container\">\n\t\t\t\t\t<div class=\"e-con-inner\">\n\t\t\t\t<div class=\"elementor-element elementor-element-977e947 elementor-widget elementor-widget-heading\" data-id=\"977e947\" data-element_type=\"widget\" data-widget_type=\"heading.default\">\n\t\t\t\t<div class=\"elementor-widget-container\">\n\t\t\t<h2 class=\"elementor-heading-title elementor-size-default\">Informatique<\/h2>\t\t<\/div>\n\t\t\t\t<\/div>\n\t\t\t\t\t<\/div>\n\t\t\t\t<\/div>\n\t\t<div class=\"elementor-element elementor-element-861adc3 e-flex e-con-boxed e-con e-parent\" data-id=\"861adc3\" data-element_type=\"container\">\n\t\t\t\t\t<div class=\"e-con-inner\">\n\t\t\t\t<div class=\"elementor-element elementor-element-8411e73 elementor-widget elementor-widget-text-editor\" data-id=\"8411e73\" data-element_type=\"widget\" data-widget_type=\"text-editor.default\">\n\t\t\t\t<div class=\"elementor-widget-container\">\n\t\t\t\t\t\t\t<p><strong>Protection et s\u00e9curit\u00e9 informatique sur mesure pour entreprises<\/strong><\/p><p>Notre entreprise propose une gamme compl\u00e8te de solutions pour assurer la s\u00e9curit\u00e9 informatique et la performance de votre r\u00e9seau. Nos solutions antivirus couvrent les r\u00e9seaux d\u2019entreprise, les postes clients, serveurs, messageries et gateways. Nous offrons des protections anti-spam, anti-spyware, ainsi que des firewalls hardware et software avec gestion de liens multiples, reporting centralis\u00e9 et contr\u00f4le d\u2019acc\u00e8s renforc\u00e9.<\/p><p>Pour une protection des donn\u00e9es optimale, nous disposons d\u2019outils de d\u00e9tection d&rsquo;intrusion, de filtrage web, et de gestion d\u2019applications et p\u00e9riph\u00e9riques. Nos services incluent \u00e9galement la gestion des patchs et mises \u00e0 jour Windows, l\u2019audit, la formation et la maintenance, et vont jusqu\u2019\u00e0 l&rsquo;accompagnement pour l\u2019obtention de licences logicielles professionnelles.<\/p><p><strong>D\u00e9veloppement et solutions logicielles<\/strong><\/p><p>Nous vous accompagnons dans le d\u00e9veloppement d\u2019applications mobiles, de logiciels sur mesure, et de sites web. Nos processus comprennent une \u00e9tude pr\u00e9liminaire d\u00e9taill\u00e9e, la conception et simulation de processus via moteurs de r\u00e8gles m\u00e9tiers et outils de mod\u00e9lisation avanc\u00e9e. Chaque projet b\u00e9n\u00e9ficie de tests rigoureux, assurant un d\u00e9ploiement sans faille et un suivi complet.<\/p><p><strong>Gestion des licences et cl\u00e9s de logiciels<\/strong><\/p><p>Nous facilitons l\u2019obtention de cl\u00e9s de licence pour vos logiciels professionnels, afin de garantir une conformit\u00e9 et une s\u00e9curit\u00e9 optimales pour vos op\u00e9rations. Notre \u00e9quipe s\u2019occupe de chaque \u00e9tape, de la gestion \u00e0 l\u2019obtention des licences n\u00e9cessaires pour vos applications.<\/p><p>Confiez-nous la gestion compl\u00e8te de votre s\u00e9curit\u00e9 et vos projets logiciels, et b\u00e9n\u00e9ficiez de solutions \u00e9volutives et adapt\u00e9es aux exigences modernes de votre entreprise.<\/p>\t\t\t\t\t\t<\/div>\n\t\t\t\t<\/div>\n\t\t\t\t\t<\/div>\n\t\t\t\t<\/div>\n\t\t\t\t<\/div>\n\t\t","protected":false},"excerpt":{"rendered":"<p>Informatique Protection et s\u00e9curit\u00e9 informatique sur mesure pour entreprises Notre entreprise propose une gamme compl\u00e8te de solutions pour assurer la s\u00e9curit\u00e9 informatique et la performance de votre r\u00e9seau. Nos solutions antivirus couvrent les r\u00e9seaux d\u2019entreprise, les postes clients, serveurs, messageries et gateways. Nous offrons des protections anti-spam, anti-spyware, ainsi que des firewalls hardware et software&#8230;<\/p>\n","protected":false},"author":1,"featured_media":0,"parent":0,"menu_order":0,"comment_status":"closed","ping_status":"closed","template":"","meta":{"_kadence_starter_templates_imported_post":false,"_kad_post_transparent":"","_kad_post_title":"hide","_kad_post_layout":"fullwidth","_kad_post_sidebar_id":"","_kad_post_content_style":"unboxed","_kad_post_vertical_padding":"hide","_kad_post_feature":"hide","_kad_post_feature_position":"","_kad_post_header":false,"_kad_post_footer":false,"footnotes":""},"class_list":["post-877","page","type-page","status-publish","hentry"],"_links":{"self":[{"href":"https:\/\/ags-bf.com\/index.php\/wp-json\/wp\/v2\/pages\/877","targetHints":{"allow":["GET"]}}],"collection":[{"href":"https:\/\/ags-bf.com\/index.php\/wp-json\/wp\/v2\/pages"}],"about":[{"href":"https:\/\/ags-bf.com\/index.php\/wp-json\/wp\/v2\/types\/page"}],"author":[{"embeddable":true,"href":"https:\/\/ags-bf.com\/index.php\/wp-json\/wp\/v2\/users\/1"}],"replies":[{"embeddable":true,"href":"https:\/\/ags-bf.com\/index.php\/wp-json\/wp\/v2\/comments?post=877"}],"version-history":[{"count":16,"href":"https:\/\/ags-bf.com\/index.php\/wp-json\/wp\/v2\/pages\/877\/revisions"}],"predecessor-version":[{"id":1988,"href":"https:\/\/ags-bf.com\/index.php\/wp-json\/wp\/v2\/pages\/877\/revisions\/1988"}],"wp:attachment":[{"href":"https:\/\/ags-bf.com\/index.php\/wp-json\/wp\/v2\/media?parent=877"}],"curies":[{"name":"wp","href":"https:\/\/api.w.org\/{rel}","templated":true}]}}